{"id":524,"date":"2023-12-08T16:52:27","date_gmt":"2023-12-08T16:52:27","guid":{"rendered":"https:\/\/casinoroom.com\/de\/?page_id=524"},"modified":"2023-12-21T19:31:54","modified_gmt":"2023-12-21T18:31:54","slug":"verantwortungsvolles-spielen","status":"publish","type":"page","link":"https:\/\/casinoroom.com\/de\/verantwortungsvolles-spielen\/","title":{"rendered":"Verantwortungsvolles Spielen"},"content":{"rendered":"\n<p>Unsere Verantwortung<br>Spielsuchtpr\u00e4vention Die Beliebtheit von Poker, Sportwetten, Casino und andere Spiele w\u00e4chst stetig; sie sind fester Bestandteil des t\u00e4glichen Lebens und Ausdruck von Freude und Wohlbefinden geworden. Ein Verhalten, das ist absolut unsch\u00e4dlich ist, wenn es in Ma\u00dfen praktiziert wird. Beispielsweise kann das Einkaufen s\u00fcchtig machen, sowie zu viel Sport, Essen oder Alkohol Konsum.<\/p>\n\n\n\n<p>Bei Spielsucht, kann das Leben einer Person von Gl\u00fccksspielen dominiert werden. Er oder sie k\u00f6nnen Spiele als Mittel m\u00f6glicherweise ungel\u00f6sten Problemen oder innere Konflikte benutzen. Eine s\u00fcchtige Person spielt m\u00f6glicherweise wegen vielen unbewussten Motiven und Geld gewinnen kann einen starken Anreiz sein und ist nur einer von vielen.<\/p>\n\n\n\n<p>Wir sind uns bewusst, dass die Teilnahme an jede Art von Spiel, Geschicklichkeit oder Gl\u00fccksspielen, zu pers\u00f6nlichen und sozialen Problemen f\u00fchren kann. In diesem Zusammenhang \u00fcbernehmen wir Verantwortung in vielerlei Hinsicht durch Information und Pr\u00e4vention.<\/p>\n\n\n\n<p>Alle Kundenanfragen bez\u00fcglich Spielsucht sind gefiltert durch Kunden-Support von einem \u201cVerantwortliches Spielen-Team\u201d. Das Team hat die Aufgabe, sicherzustellen, dass die online-Gaming-Produkte in einer positiven Weise zur Unterhaltung des Kunden beitragen. Innerhalb der Abteilung CSR stellt das Team sicher, dass die bestehende Ma\u00dfnahmen laufend verbessert werden und neue interaktive und proaktive Pr\u00e4vention-Systeme entwickelt werden. In diesem Zweck zu dienen, fungiert es als Schnittstelle mit einem Forschungsprojekt. Es ist auch verantwortlich f\u00fcr die Information und Schulung von Mitarbeitern auf diesem Gebiet.<\/p>\n\n\n\n<p>Sichere Unterhaltung gemischt mit Verantwortung Wir sagen unseren Kunden nicht was Sie tun sollen, vorausgesetzt jedoch, dass wenn wir bemerken, dass etwas nicht stimmt, werden wir Ma\u00dfnahmen ergreifen. Unsere Definition von sozialer Verantwortung beruht auf der verantwortlichen Haltung unserer Kunden. Einige Beispiele der von uns angebotenen Heilmittel werden im Folgenden beschrieben.<\/p>\n\n\n\n<p>Intelligentes spielen<\/p>\n\n\n\n<p>Regeln f\u00fcr verantwortungsvolles Spielen durch das Beachten der folgenden Regeln, werden Sie in der Lage sein, Ihre Spiele ohne Bedenken zu genie\u00dfen:<\/p>\n\n\n\n<p>Machen Sie regelm\u00e4\u00dfige Pausen beim spielen.<br>Entscheiden Sie Ihr pers\u00f6nliches Limit im voraus.<br>Erh\u00f6hen Sie nicht die maximale Grenze, die Sie sp\u00e4ter f\u00fcr sich entscheiden. (Bitte beachten Sie: aufgrund unsere Verantwortliches Spielen-Ma\u00dfnahmen, wird das Erh\u00f6hen ihre Zahlung Grenzen erst nach 24 Stunden implementiert.)<br>Bevor Sie anfangen zu spielen, entscheiden Sie sich f\u00fcr die Gewinnsumme, bei welcher Sie das Spiel dann beenden.<br>Entscheiden Sie im Voraus, wie hoch Ihre Verluste sein k\u00f6nnen.<br>Spielen Sie nie unter dem Einfluss von Alkohol oder anderen Medikamenten.<br>Nie spielen, wenn Sie in einer depressiven Stimmung sind.<br>Spielen Sie nur, wenn Sie v\u00f6llig ausgeruht und konzentriert sind.<br>Gef\u00e4hrdet \u2013 was nun?<br>Selbst auszuschlie\u00dfen Wenn nach Abschluss des Tests das Gef\u00fchl haben, dass Sie m\u00f6glicherweise eine Tendenz zum pathologischen Spiel haben, dann bitte verwenden Sie die Option Selbst auszuschlie\u00dfen. Bitte beachten Sie, dass Kunden, die sich selbst ausgeschlossen haben, sich nicht selbst dann wieder reaktivieren k\u00f6nnen und keine weiteren Zahlungen k\u00f6nnen auf diesen Konten erfolgen. Allerdings hat der Spieler das Recht, etwaige Restbetrag vom Konton anzufordern. Wir tun alles in unserer Macht Selbstausschluss einzuhalten. Selbstausschluss erfordert jedoch das gemeinsame Engagement der Spieler und Casino Room. W\u00e4hrend des Selbstausschluss-Zeitraums sollten Spieler darauf verzichten, versuchen, neue Konten zu \u00f6ffnen. Der Spieler wird auf eine interne Registrierung gelegt, zusammen mit den Zahlungsinformationen, um zu versuchen eine solche Situation zu verhindern.<\/p>\n\n\n\n<p>Spielen Sie mit einem Partner, die sozialen Verantwortung ernst nimm Wir sind uns bewusst, dass wir ein Produkt anbieten, dessen gesellschaftliche Akzeptanz nicht unbestritten ist. Uns ist daher sehr wichtig, dass dieses Produkts mit einer Reihe von Ma\u00dfnahmen entwickelt ist, um sicherzustellen, dass der Fokus auf den Genuss des Kunden, die Qualit\u00e4t der Produkte und absolutes Vertrauen in den Anbieter bleibt.<\/p>\n\n\n\n<p>Im Rahmen unserer CSR-Aktivit\u00e4ten, entwickelten wir eine Reihe von technischen und soziale Ma\u00dfnahmen um sicherzustellen, dass m\u00f6gliche Probleme fr\u00fchzeitig erkannt werden, so dass alle Kunden betroffen Expertenunterst\u00fctzung angeboten werden.<\/p>\n\n\n\n<p>Schutz von Minderj\u00e4hrigen Personen unter 18 Jahre sind streng verboten bei CasinoRoom.com. CasinoRoom.com ist sich seiner Verantwortung bewusst, zu verhindern, dass Minderj\u00e4hrige ins Produktportfolios gelangen.<\/p>\n\n\n\n<p>Zur Gew\u00e4hrleistung maximalen Schutz Minderj\u00e4hriger, setzen wir auch auf die Zusammenarbeit mit Eltern und Betreuer.<\/p>\n\n\n\n<p>Bitte sch\u00fctzen Sie Ihre Zugangsdaten in allen Zeiten (Benutzerkennung, Passwort und Ihre Frage \/ Antwort-Kombination).<\/p>\n\n\n\n<p>Im \u00fcbrigen, empfehlen wir die Installation von Filtersoftware. Diese Software erlaubt Ihnen, Internet-Zugang f\u00fcr Kinder und Jugendliche zu beschr\u00e4nken. www.saferinternet.org ist eine Website, die ist kofinanziert von der Europ\u00e4ischen Union und bietet umfassende Informationen \u00fcber Internet-Filter-Software bietet auch eine kostenlose Testversion.<\/p>\n\n\n\n<p>Professionelle-Hilfe Wenn Sie professionelle Hilfe suchen kontaktieren Sie bitte www.gamcare.org.uk, einer anerkannten Hilfe Organisation mit engagierten Experten, die eine Vielzahl der angebotenen Beratung t\u00e4tig sind. Sie k\u00f6nnen auch www.gamblersanonymous.org oder www.gamblingtherapy.org um Hilfe in Ihrem Land besuchen.<\/p>\n\n\n\n<p>Bitte kontaktieren Sie uns direkt wenn Sie irgendwelche Fragen in Bezug auf das Firmen Spektrum von CSR-Aktivit\u00e4ten haben. Unser Support-Team steht Ihnen jederzeit zur Verf\u00fcgung, unter responsible.gaming@casinoroom.com.<\/p>\n","protected":false},"excerpt":{"rendered":"<p>Unsere VerantwortungSpielsuchtpr\u00e4vention Die Beliebtheit von Poker, Sportwetten, Casino und andere Spiele w\u00e4chst stetig; sie sind fester Bestandteil des t\u00e4glichen Lebens und Ausdruck von Freude und Wohlbefinden geworden. Ein Verhalten, das ist absolut unsch\u00e4dlich ist, wenn es in Ma\u00dfen praktiziert wird. Beispielsweise kann das Einkaufen s\u00fcchtig machen, sowie zu viel Sport, Essen oder Alkohol Konsum. Bei [&hellip;]<\/p>\n","protected":false},"author":20,"featured_media":0,"parent":0,"menu_order":0,"comment_status":"closed","ping_status":"closed","template":"","meta":{"_acf_changed":false,"footnotes":""},"class_list":["post-524","page","type-page","status-publish","hentry"],"acf":[],"yoast_head":"<!-- This site is optimized with the Yoast SEO plugin v23.2 - https:\/\/yoast.com\/wordpress\/plugins\/seo\/ -->\n<title>Verantwortungsvolles Spielen - CasinoRoom<\/title>\n<meta name=\"robots\" content=\"index, follow, max-snippet:-1, max-image-preview:large, max-video-preview:-1\" \/>\n<link rel=\"canonical\" href=\"https:\/\/casinoroom.com\/de\/verantwortungsvolles-spielen\/\" \/>\n<meta property=\"og:locale\" content=\"de_DE\" \/>\n<meta property=\"og:type\" content=\"article\" \/>\n<meta property=\"og:title\" content=\"Verantwortungsvolles Spielen - CasinoRoom\" \/>\n<meta property=\"og:description\" content=\"Unsere VerantwortungSpielsuchtpr\u00e4vention Die Beliebtheit von Poker, Sportwetten, Casino und andere Spiele w\u00e4chst stetig; sie sind fester Bestandteil des t\u00e4glichen Lebens und Ausdruck von Freude und Wohlbefinden geworden. Ein Verhalten, das ist absolut unsch\u00e4dlich ist, wenn es in Ma\u00dfen praktiziert wird. Beispielsweise kann das Einkaufen s\u00fcchtig machen, sowie zu viel Sport, Essen oder Alkohol Konsum. Bei [&hellip;]\" \/>\n<meta property=\"og:url\" content=\"https:\/\/casinoroom.com\/de\/verantwortungsvolles-spielen\/\" \/>\n<meta property=\"og:site_name\" content=\"CasinoRoom\" \/>\n<meta property=\"article:modified_time\" content=\"2023-12-21T18:31:54+00:00\" \/>\n<meta name=\"twitter:card\" content=\"summary_large_image\" \/>\n<meta name=\"twitter:label1\" content=\"Gesch\u00e4tzte Lesezeit\" \/>\n\t<meta name=\"twitter:data1\" content=\"5\u00a0Minuten\" \/>\n<script type=\"application\/ld+json\" class=\"yoast-schema-graph\">{\"@context\":\"https:\/\/schema.org\",\"@graph\":[{\"@type\":\"WebPage\",\"@id\":\"https:\/\/casinoroom.com\/de\/verantwortungsvolles-spielen\/\",\"url\":\"https:\/\/casinoroom.com\/de\/verantwortungsvolles-spielen\/\",\"name\":\"Verantwortungsvolles Spielen - CasinoRoom\",\"isPartOf\":{\"@id\":\"https:\/\/casinoroom.com\/de\/#website\"},\"datePublished\":\"2023-12-08T16:52:27+00:00\",\"dateModified\":\"2023-12-21T18:31:54+00:00\",\"breadcrumb\":{\"@id\":\"https:\/\/casinoroom.com\/de\/verantwortungsvolles-spielen\/#breadcrumb\"},\"inLanguage\":\"de\",\"potentialAction\":[{\"@type\":\"ReadAction\",\"target\":[\"https:\/\/casinoroom.com\/de\/verantwortungsvolles-spielen\/\"]}]},{\"@type\":\"BreadcrumbList\",\"@id\":\"https:\/\/casinoroom.com\/de\/verantwortungsvolles-spielen\/#breadcrumb\",\"itemListElement\":[{\"@type\":\"ListItem\",\"position\":1,\"name\":\"Home\",\"item\":\"https:\/\/casinoroom.com\/de\/\"},{\"@type\":\"ListItem\",\"position\":2,\"name\":\"Verantwortungsvolles Spielen\"}]},{\"@type\":\"WebSite\",\"@id\":\"https:\/\/casinoroom.com\/de\/#website\",\"url\":\"https:\/\/casinoroom.com\/de\/\",\"name\":\"CasinoRoom\",\"description\":\"\",\"potentialAction\":[{\"@type\":\"SearchAction\",\"target\":{\"@type\":\"EntryPoint\",\"urlTemplate\":\"https:\/\/casinoroom.com\/de\/?s={search_term_string}\"},\"query-input\":\"required name=search_term_string\"}],\"inLanguage\":\"de\"}]}<\/script>\n<!-- \/ Yoast SEO plugin. -->","yoast_head_json":{"title":"Verantwortungsvolles Spielen - CasinoRoom","robots":{"index":"index","follow":"follow","max-snippet":"max-snippet:-1","max-image-preview":"max-image-preview:large","max-video-preview":"max-video-preview:-1"},"canonical":"https:\/\/casinoroom.com\/de\/verantwortungsvolles-spielen\/","og_locale":"de_DE","og_type":"article","og_title":"Verantwortungsvolles Spielen - CasinoRoom","og_description":"Unsere VerantwortungSpielsuchtpr\u00e4vention Die Beliebtheit von Poker, Sportwetten, Casino und andere Spiele w\u00e4chst stetig; sie sind fester Bestandteil des t\u00e4glichen Lebens und Ausdruck von Freude und Wohlbefinden geworden. Ein Verhalten, das ist absolut unsch\u00e4dlich ist, wenn es in Ma\u00dfen praktiziert wird. Beispielsweise kann das Einkaufen s\u00fcchtig machen, sowie zu viel Sport, Essen oder Alkohol Konsum. Bei [&hellip;]","og_url":"https:\/\/casinoroom.com\/de\/verantwortungsvolles-spielen\/","og_site_name":"CasinoRoom","article_modified_time":"2023-12-21T18:31:54+00:00","twitter_card":"summary_large_image","twitter_misc":{"Gesch\u00e4tzte Lesezeit":"5\u00a0Minuten"},"schema":{"@context":"https:\/\/schema.org","@graph":[{"@type":"WebPage","@id":"https:\/\/casinoroom.com\/de\/verantwortungsvolles-spielen\/","url":"https:\/\/casinoroom.com\/de\/verantwortungsvolles-spielen\/","name":"Verantwortungsvolles Spielen - CasinoRoom","isPartOf":{"@id":"https:\/\/casinoroom.com\/de\/#website"},"datePublished":"2023-12-08T16:52:27+00:00","dateModified":"2023-12-21T18:31:54+00:00","breadcrumb":{"@id":"https:\/\/casinoroom.com\/de\/verantwortungsvolles-spielen\/#breadcrumb"},"inLanguage":"de","potentialAction":[{"@type":"ReadAction","target":["https:\/\/casinoroom.com\/de\/verantwortungsvolles-spielen\/"]}]},{"@type":"BreadcrumbList","@id":"https:\/\/casinoroom.com\/de\/verantwortungsvolles-spielen\/#breadcrumb","itemListElement":[{"@type":"ListItem","position":1,"name":"Home","item":"https:\/\/casinoroom.com\/de\/"},{"@type":"ListItem","position":2,"name":"Verantwortungsvolles Spielen"}]},{"@type":"WebSite","@id":"https:\/\/casinoroom.com\/de\/#website","url":"https:\/\/casinoroom.com\/de\/","name":"CasinoRoom","description":"","potentialAction":[{"@type":"SearchAction","target":{"@type":"EntryPoint","urlTemplate":"https:\/\/casinoroom.com\/de\/?s={search_term_string}"},"query-input":"required name=search_term_string"}],"inLanguage":"de"}]}},"_links":{"self":[{"href":"https:\/\/casinoroom.com\/de\/wp-json\/wp\/v2\/pages\/524","targetHints":{"allow":["GET"]}}],"collection":[{"href":"https:\/\/casinoroom.com\/de\/wp-json\/wp\/v2\/pages"}],"about":[{"href":"https:\/\/casinoroom.com\/de\/wp-json\/wp\/v2\/types\/page"}],"author":[{"embeddable":true,"href":"https:\/\/casinoroom.com\/de\/wp-json\/wp\/v2\/users\/20"}],"replies":[{"embeddable":true,"href":"https:\/\/casinoroom.com\/de\/wp-json\/wp\/v2\/comments?post=524"}],"version-history":[{"count":2,"href":"https:\/\/casinoroom.com\/de\/wp-json\/wp\/v2\/pages\/524\/revisions"}],"predecessor-version":[{"id":698,"href":"https:\/\/casinoroom.com\/de\/wp-json\/wp\/v2\/pages\/524\/revisions\/698"}],"wp:attachment":[{"href":"https:\/\/casinoroom.com\/de\/wp-json\/wp\/v2\/media?parent=524"}],"curies":[{"name":"wp","href":"https:\/\/api.w.org\/{rel}","templated":true}]}}