{"id":646,"date":"2023-12-19T18:20:40","date_gmt":"2023-12-19T18:20:40","guid":{"rendered":"https:\/\/casinoroom.com\/de\/?page_id=646"},"modified":"2025-02-28T17:24:08","modified_gmt":"2025-02-28T16:24:08","slug":"ueber-uns","status":"publish","type":"page","link":"https:\/\/casinoroom.com\/de\/ueber-uns\/","title":{"rendered":"\u00dcber uns"},"content":{"rendered":"\n<h1 class=\"wp-block-heading\">Willkommen bei CasinoRoom.com<\/h1>\n\n\n\n<p>Ihre Top-Quelle f\u00fcr ehrliche Casino-Bewertungen, Boni und Online-Gl\u00fccksspielf\u00fchrer.<\/p>\n\n\n\n<p>2022 haben wir unseren Fokus auf Affiliate-Marketing in der Gl\u00fccksspielbranche verlagert. Als Casino-Partnerseite bieten wir Spielern detaillierte, sachliche Informationen und bewerben nur seri\u00f6se, vertrauensw\u00fcrdige Online-Casinos, die hervorragende Spielervorteile bieten und strenge Sicherheits- und Verantwortungsstandards erf\u00fcllen.<\/p>\n\n\n\n<p>Das CasinoRoom-Team verf\u00fcgt \u00fcber mehr als 13 Jahre Erfahrung in der direkten Arbeit in der Gl\u00fccksspielbranche. Dies gibt uns einzigartige Einblicke, um die besten Online-Casino-Angebote f\u00fcr Spieler zu ermitteln. Wir sind stolz auf v\u00f6llig objektive, umfassende Affiliate-Bewertungen und -Rankings.<\/p>\n\n\n\n<p>Bei CasinoRoom helfen wir Spielern, sichere Premium-Online-Casinos zu finden, die auf ihre Bed\u00fcrfnisse in Bezug auf Spielvielfalt, Boni, einfache Bankgesch\u00e4fte, mobile Kompatibilit\u00e4t und mehr zugeschnitten sind. Durchst\u00f6bern Sie unsere Website, um die neuesten Bonusangebote zusammen mit unseren empfohlenen Listen der Top-Casinos in wichtigen Kategorien wie besten Willkommensboni, besten Zahlungsoptionen f\u00fcr bestimmte Regionen, h\u00f6chsten progressiven Jackpots und mehr zu entdecken.<\/p>\n\n\n\n<p>Wir freuen uns immer \u00fcber Feedback von Spielern, um unsere Casino-Partnerdienste und -Empfehlungen kontinuierlich weiterzuentwickeln und zu verbessern. Kontaktieren Sie uns bei Fragen. Und denken Sie daran, immer verantwortungsbewusst zu spielen!<\/p>\n","protected":false},"excerpt":{"rendered":"<p>Willkommen bei CasinoRoom.com Ihre Top-Quelle f\u00fcr ehrliche Casino-Bewertungen, Boni und Online-Gl\u00fccksspielf\u00fchrer. 2022 haben wir unseren Fokus auf Affiliate-Marketing in der Gl\u00fccksspielbranche verlagert. Als Casino-Partnerseite bieten wir Spielern detaillierte, sachliche Informationen und bewerben nur seri\u00f6se, vertrauensw\u00fcrdige Online-Casinos, die hervorragende Spielervorteile bieten und strenge Sicherheits- und Verantwortungsstandards erf\u00fcllen. Das CasinoRoom-Team verf\u00fcgt \u00fcber mehr als 13 Jahre Erfahrung [&hellip;]<\/p>\n","protected":false},"author":12,"featured_media":0,"parent":0,"menu_order":0,"comment_status":"closed","ping_status":"closed","template":"","meta":{"_acf_changed":false,"footnotes":""},"class_list":["post-646","page","type-page","status-publish","hentry"],"acf":[],"yoast_head":"<!-- This site is optimized with the Yoast SEO plugin v23.2 - https:\/\/yoast.com\/wordpress\/plugins\/seo\/ -->\n<title>\u00dcber uns - CasinoRoom<\/title>\n<meta name=\"robots\" content=\"index, follow, max-snippet:-1, max-image-preview:large, max-video-preview:-1\" \/>\n<link rel=\"canonical\" href=\"https:\/\/casinoroom.com\/de\/ueber-uns\/\" \/>\n<meta property=\"og:locale\" content=\"de_DE\" \/>\n<meta property=\"og:type\" content=\"article\" \/>\n<meta property=\"og:title\" content=\"\u00dcber uns - CasinoRoom\" \/>\n<meta property=\"og:description\" content=\"Willkommen bei CasinoRoom.com Ihre Top-Quelle f\u00fcr ehrliche Casino-Bewertungen, Boni und Online-Gl\u00fccksspielf\u00fchrer. 2022 haben wir unseren Fokus auf Affiliate-Marketing in der Gl\u00fccksspielbranche verlagert. Als Casino-Partnerseite bieten wir Spielern detaillierte, sachliche Informationen und bewerben nur seri\u00f6se, vertrauensw\u00fcrdige Online-Casinos, die hervorragende Spielervorteile bieten und strenge Sicherheits- und Verantwortungsstandards erf\u00fcllen. Das CasinoRoom-Team verf\u00fcgt \u00fcber mehr als 13 Jahre Erfahrung [&hellip;]\" \/>\n<meta property=\"og:url\" content=\"https:\/\/casinoroom.com\/de\/ueber-uns\/\" \/>\n<meta property=\"og:site_name\" content=\"CasinoRoom\" \/>\n<meta property=\"article:modified_time\" content=\"2025-02-28T16:24:08+00:00\" \/>\n<meta name=\"twitter:card\" content=\"summary_large_image\" \/>\n<meta name=\"twitter:label1\" content=\"Gesch\u00e4tzte Lesezeit\" \/>\n\t<meta name=\"twitter:data1\" content=\"1\u00a0Minute\" \/>\n<script type=\"application\/ld+json\" class=\"yoast-schema-graph\">{\"@context\":\"https:\/\/schema.org\",\"@graph\":[{\"@type\":\"WebPage\",\"@id\":\"https:\/\/casinoroom.com\/de\/ueber-uns\/\",\"url\":\"https:\/\/casinoroom.com\/de\/ueber-uns\/\",\"name\":\"\u00dcber uns - CasinoRoom\",\"isPartOf\":{\"@id\":\"https:\/\/casinoroom.com\/de\/#website\"},\"datePublished\":\"2023-12-19T18:20:40+00:00\",\"dateModified\":\"2025-02-28T16:24:08+00:00\",\"breadcrumb\":{\"@id\":\"https:\/\/casinoroom.com\/de\/ueber-uns\/#breadcrumb\"},\"inLanguage\":\"de\",\"potentialAction\":[{\"@type\":\"ReadAction\",\"target\":[\"https:\/\/casinoroom.com\/de\/ueber-uns\/\"]}]},{\"@type\":\"BreadcrumbList\",\"@id\":\"https:\/\/casinoroom.com\/de\/ueber-uns\/#breadcrumb\",\"itemListElement\":[{\"@type\":\"ListItem\",\"position\":1,\"name\":\"Home\",\"item\":\"https:\/\/casinoroom.com\/de\/\"},{\"@type\":\"ListItem\",\"position\":2,\"name\":\"\u00dcber uns\"}]},{\"@type\":\"WebSite\",\"@id\":\"https:\/\/casinoroom.com\/de\/#website\",\"url\":\"https:\/\/casinoroom.com\/de\/\",\"name\":\"CasinoRoom\",\"description\":\"\",\"potentialAction\":[{\"@type\":\"SearchAction\",\"target\":{\"@type\":\"EntryPoint\",\"urlTemplate\":\"https:\/\/casinoroom.com\/de\/?s={search_term_string}\"},\"query-input\":\"required name=search_term_string\"}],\"inLanguage\":\"de\"}]}<\/script>\n<!-- \/ Yoast SEO plugin. -->","yoast_head_json":{"title":"\u00dcber uns - CasinoRoom","robots":{"index":"index","follow":"follow","max-snippet":"max-snippet:-1","max-image-preview":"max-image-preview:large","max-video-preview":"max-video-preview:-1"},"canonical":"https:\/\/casinoroom.com\/de\/ueber-uns\/","og_locale":"de_DE","og_type":"article","og_title":"\u00dcber uns - CasinoRoom","og_description":"Willkommen bei CasinoRoom.com Ihre Top-Quelle f\u00fcr ehrliche Casino-Bewertungen, Boni und Online-Gl\u00fccksspielf\u00fchrer. 2022 haben wir unseren Fokus auf Affiliate-Marketing in der Gl\u00fccksspielbranche verlagert. Als Casino-Partnerseite bieten wir Spielern detaillierte, sachliche Informationen und bewerben nur seri\u00f6se, vertrauensw\u00fcrdige Online-Casinos, die hervorragende Spielervorteile bieten und strenge Sicherheits- und Verantwortungsstandards erf\u00fcllen. Das CasinoRoom-Team verf\u00fcgt \u00fcber mehr als 13 Jahre Erfahrung [&hellip;]","og_url":"https:\/\/casinoroom.com\/de\/ueber-uns\/","og_site_name":"CasinoRoom","article_modified_time":"2025-02-28T16:24:08+00:00","twitter_card":"summary_large_image","twitter_misc":{"Gesch\u00e4tzte Lesezeit":"1\u00a0Minute"},"schema":{"@context":"https:\/\/schema.org","@graph":[{"@type":"WebPage","@id":"https:\/\/casinoroom.com\/de\/ueber-uns\/","url":"https:\/\/casinoroom.com\/de\/ueber-uns\/","name":"\u00dcber uns - CasinoRoom","isPartOf":{"@id":"https:\/\/casinoroom.com\/de\/#website"},"datePublished":"2023-12-19T18:20:40+00:00","dateModified":"2025-02-28T16:24:08+00:00","breadcrumb":{"@id":"https:\/\/casinoroom.com\/de\/ueber-uns\/#breadcrumb"},"inLanguage":"de","potentialAction":[{"@type":"ReadAction","target":["https:\/\/casinoroom.com\/de\/ueber-uns\/"]}]},{"@type":"BreadcrumbList","@id":"https:\/\/casinoroom.com\/de\/ueber-uns\/#breadcrumb","itemListElement":[{"@type":"ListItem","position":1,"name":"Home","item":"https:\/\/casinoroom.com\/de\/"},{"@type":"ListItem","position":2,"name":"\u00dcber uns"}]},{"@type":"WebSite","@id":"https:\/\/casinoroom.com\/de\/#website","url":"https:\/\/casinoroom.com\/de\/","name":"CasinoRoom","description":"","potentialAction":[{"@type":"SearchAction","target":{"@type":"EntryPoint","urlTemplate":"https:\/\/casinoroom.com\/de\/?s={search_term_string}"},"query-input":"required name=search_term_string"}],"inLanguage":"de"}]}},"_links":{"self":[{"href":"https:\/\/casinoroom.com\/de\/wp-json\/wp\/v2\/pages\/646","targetHints":{"allow":["GET"]}}],"collection":[{"href":"https:\/\/casinoroom.com\/de\/wp-json\/wp\/v2\/pages"}],"about":[{"href":"https:\/\/casinoroom.com\/de\/wp-json\/wp\/v2\/types\/page"}],"author":[{"embeddable":true,"href":"https:\/\/casinoroom.com\/de\/wp-json\/wp\/v2\/users\/12"}],"replies":[{"embeddable":true,"href":"https:\/\/casinoroom.com\/de\/wp-json\/wp\/v2\/comments?post=646"}],"version-history":[{"count":2,"href":"https:\/\/casinoroom.com\/de\/wp-json\/wp\/v2\/pages\/646\/revisions"}],"predecessor-version":[{"id":780,"href":"https:\/\/casinoroom.com\/de\/wp-json\/wp\/v2\/pages\/646\/revisions\/780"}],"wp:attachment":[{"href":"https:\/\/casinoroom.com\/de\/wp-json\/wp\/v2\/media?parent=646"}],"curies":[{"name":"wp","href":"https:\/\/api.w.org\/{rel}","templated":true}]}}