{"id":398,"date":"2023-12-15T18:21:37","date_gmt":"2023-12-15T18:21:37","guid":{"rendered":"https:\/\/casinoroom.com\/es\/?page_id=398"},"modified":"2025-05-27T12:50:12","modified_gmt":"2025-05-27T16:50:12","slug":"encuentra-los-mejores-casinos-en-linea","status":"publish","type":"page","link":"https:\/\/casinoroom.com\/es\/","title":{"rendered":"Los mejores casinos en l\u00ednea de Chile"},"content":{"rendered":"<section class=\"content-block content-block-block_b6140e221671e295c9034135dd0c3100 yellow\" style=\"border: 1px solid var(--color-content-block-border-yellow);\">\n            <header class=\"row\">\n                        <h1 class=\"title col-sm-12\">Los mejores casinos en l\u00ednea de Chile<\/h1>                                <\/header>\n                <div class=\"content-block-content row\">\n        <div class=\"content-column content col-xs-12 col-md-12 spacing-normal horizontal-align-normal vertical-align-normal \"><p>Antes que nada, elegir un casino en l\u00ednea donde puedas jugar de forma segura por dinero real es cr\u00edtico. Lee lo que nuestros expertos opinan sobre varios casinos online para ayudarte a medir tus opciones.<\/p>\n<p>Una vez que decidas cu\u00e1l es el casino ideal, crea una cuenta. Nuestros anuncios de casino online te ofrecen gu\u00edas paso-a-paso de c\u00f3mo crear una cuenta para el casino de tu preferencia y jogar a la <a href=\"https:\/\/ruleta.com.pe\">ruleta<\/a> o a la tragamonedas gratis.<\/p>\n<\/div>        <\/div>\n        <\/section>","protected":false},"excerpt":{"rendered":"","protected":false},"author":21,"featured_media":0,"parent":0,"menu_order":0,"comment_status":"closed","ping_status":"closed","template":"","meta":{"_acf_changed":false,"footnotes":""},"class_list":["post-398","page","type-page","status-publish","hentry"],"acf":[],"yoast_head":"<!-- This site is optimized with the Yoast SEO plugin v23.2 - https:\/\/yoast.com\/wordpress\/plugins\/seo\/ -->\n<title>Los Mejores Casinos Online de Chile 2024 | CasinoRoom<\/title>\n<meta name=\"description\" content=\"CasinoRoom es la gu\u00eda online de juegos de casino. Juega con tragamonedas gratuitos o echa un vistazo a nuestras rese\u00f1as de los mejores juegos y casinos de dinero real\" \/>\n<meta name=\"robots\" content=\"index, follow, max-snippet:-1, max-image-preview:large, max-video-preview:-1\" \/>\n<link rel=\"canonical\" href=\"https:\/\/casinoroom.com\/es\/\" \/>\n<meta property=\"og:locale\" content=\"es_ES\" \/>\n<meta property=\"og:type\" content=\"article\" \/>\n<meta property=\"og:title\" content=\"Los Mejores Casinos Online de Chile 2024 | CasinoRoom\" \/>\n<meta property=\"og:description\" content=\"CasinoRoom es la gu\u00eda online de juegos de casino. Juega con tragamonedas gratuitos o echa un vistazo a nuestras rese\u00f1as de los mejores juegos y casinos de dinero real\" \/>\n<meta property=\"og:url\" content=\"https:\/\/casinoroom.com\/es\/\" \/>\n<meta property=\"og:site_name\" content=\"CasinoRoom - Chile\" \/>\n<meta property=\"article:modified_time\" content=\"2025-05-27T16:50:12+00:00\" \/>\n<meta name=\"twitter:card\" content=\"summary_large_image\" \/>\n<script type=\"application\/ld+json\" class=\"yoast-schema-graph\">{\"@context\":\"https:\/\/schema.org\",\"@graph\":[{\"@type\":\"WebPage\",\"@id\":\"https:\/\/casinoroom.com\/es\/\",\"url\":\"https:\/\/casinoroom.com\/es\/\",\"name\":\"Los Mejores Casinos Online de Chile 2024 | CasinoRoom\",\"isPartOf\":{\"@id\":\"https:\/\/casinoroom.com\/es\/#website\"},\"datePublished\":\"2023-12-15T18:21:37+00:00\",\"dateModified\":\"2025-05-27T16:50:12+00:00\",\"description\":\"CasinoRoom es la gu\u00eda online de juegos de casino. Juega con tragamonedas gratuitos o echa un vistazo a nuestras rese\u00f1as de los mejores juegos y casinos de dinero real\",\"breadcrumb\":{\"@id\":\"https:\/\/casinoroom.com\/es\/#breadcrumb\"},\"inLanguage\":\"es-CL\",\"potentialAction\":[{\"@type\":\"ReadAction\",\"target\":[\"https:\/\/casinoroom.com\/es\/\"]}]},{\"@type\":\"BreadcrumbList\",\"@id\":\"https:\/\/casinoroom.com\/es\/#breadcrumb\",\"itemListElement\":[{\"@type\":\"ListItem\",\"position\":1,\"name\":\"Home\",\"item\":\"https:\/\/casinoroom.com\/es\/\"},{\"@type\":\"ListItem\",\"position\":2,\"name\":\"Los mejores casinos en l\u00ednea de Chile\"}]},{\"@type\":\"WebSite\",\"@id\":\"https:\/\/casinoroom.com\/es\/#website\",\"url\":\"https:\/\/casinoroom.com\/es\/\",\"name\":\"CasinoRoom - Chile\",\"description\":\"\",\"potentialAction\":[{\"@type\":\"SearchAction\",\"target\":{\"@type\":\"EntryPoint\",\"urlTemplate\":\"https:\/\/casinoroom.com\/es\/?s={search_term_string}\"},\"query-input\":\"required name=search_term_string\"}],\"inLanguage\":\"es-CL\"}]}<\/script>\n<!-- \/ Yoast SEO plugin. -->","yoast_head_json":{"title":"Los Mejores Casinos Online de Chile 2024 | CasinoRoom","description":"CasinoRoom es la gu\u00eda online de juegos de casino. Juega con tragamonedas gratuitos o echa un vistazo a nuestras rese\u00f1as de los mejores juegos y casinos de dinero real","robots":{"index":"index","follow":"follow","max-snippet":"max-snippet:-1","max-image-preview":"max-image-preview:large","max-video-preview":"max-video-preview:-1"},"canonical":"https:\/\/casinoroom.com\/es\/","og_locale":"es_ES","og_type":"article","og_title":"Los Mejores Casinos Online de Chile 2024 | CasinoRoom","og_description":"CasinoRoom es la gu\u00eda online de juegos de casino. Juega con tragamonedas gratuitos o echa un vistazo a nuestras rese\u00f1as de los mejores juegos y casinos de dinero real","og_url":"https:\/\/casinoroom.com\/es\/","og_site_name":"CasinoRoom - Chile","article_modified_time":"2025-05-27T16:50:12+00:00","twitter_card":"summary_large_image","schema":{"@context":"https:\/\/schema.org","@graph":[{"@type":"WebPage","@id":"https:\/\/casinoroom.com\/es\/","url":"https:\/\/casinoroom.com\/es\/","name":"Los Mejores Casinos Online de Chile 2024 | CasinoRoom","isPartOf":{"@id":"https:\/\/casinoroom.com\/es\/#website"},"datePublished":"2023-12-15T18:21:37+00:00","dateModified":"2025-05-27T16:50:12+00:00","description":"CasinoRoom es la gu\u00eda online de juegos de casino. Juega con tragamonedas gratuitos o echa un vistazo a nuestras rese\u00f1as de los mejores juegos y casinos de dinero real","breadcrumb":{"@id":"https:\/\/casinoroom.com\/es\/#breadcrumb"},"inLanguage":"es-CL","potentialAction":[{"@type":"ReadAction","target":["https:\/\/casinoroom.com\/es\/"]}]},{"@type":"BreadcrumbList","@id":"https:\/\/casinoroom.com\/es\/#breadcrumb","itemListElement":[{"@type":"ListItem","position":1,"name":"Home","item":"https:\/\/casinoroom.com\/es\/"},{"@type":"ListItem","position":2,"name":"Los mejores casinos en l\u00ednea de Chile"}]},{"@type":"WebSite","@id":"https:\/\/casinoroom.com\/es\/#website","url":"https:\/\/casinoroom.com\/es\/","name":"CasinoRoom - Chile","description":"","potentialAction":[{"@type":"SearchAction","target":{"@type":"EntryPoint","urlTemplate":"https:\/\/casinoroom.com\/es\/?s={search_term_string}"},"query-input":"required name=search_term_string"}],"inLanguage":"es-CL"}]}},"_links":{"self":[{"href":"https:\/\/casinoroom.com\/es\/wp-json\/wp\/v2\/pages\/398","targetHints":{"allow":["GET"]}}],"collection":[{"href":"https:\/\/casinoroom.com\/es\/wp-json\/wp\/v2\/pages"}],"about":[{"href":"https:\/\/casinoroom.com\/es\/wp-json\/wp\/v2\/types\/page"}],"author":[{"embeddable":true,"href":"https:\/\/casinoroom.com\/es\/wp-json\/wp\/v2\/users\/21"}],"replies":[{"embeddable":true,"href":"https:\/\/casinoroom.com\/es\/wp-json\/wp\/v2\/comments?post=398"}],"version-history":[{"count":6,"href":"https:\/\/casinoroom.com\/es\/wp-json\/wp\/v2\/pages\/398\/revisions"}],"predecessor-version":[{"id":472,"href":"https:\/\/casinoroom.com\/es\/wp-json\/wp\/v2\/pages\/398\/revisions\/472"}],"wp:attachment":[{"href":"https:\/\/casinoroom.com\/es\/wp-json\/wp\/v2\/media?parent=398"}],"curies":[{"name":"wp","href":"https:\/\/api.w.org\/{rel}","templated":true}]}}