{"id":165,"date":"2023-12-15T18:24:56","date_gmt":"2023-12-15T18:24:56","guid":{"rendered":"https:\/\/casinoroom.com\/fi\/?page_id=165"},"modified":"2023-12-18T18:23:14","modified_gmt":"2023-12-18T18:23:14","slug":"suomen-parhaat-nettikasinot","status":"publish","type":"page","link":"https:\/\/casinoroom.com\/fi\/","title":{"rendered":"Suomen Parhaat Nettikasinot"},"content":{"rendered":"<section class=\"content-block content-block-block_0820b2d4bc56e45e6c8512acfdb02b94 yellow\" style=\"border: 1px solid var(--color-content-block-border-yellow);\">\n            <header class=\"row\">\n                        <h1 class=\"title col-sm-12\">Suomen Parhaat Nettikasinot<\/h1>                                <\/header>\n                <div class=\"content-block-content row\">\n        <div class=\"content-column content col-xs-12 col-md-12 spacing-normal horizontal-align-normal vertical-align-normal \"><p>Ihan ensimm\u00e4iseksi on eritt\u00e4in t\u00e4rke\u00e4\u00e4 valita nettikasino, jolla voit pelata turvallisesti oikealla rahalla. Lue mit\u00e4 asiantuntijoillamme on sanottavaa eri nettikasinoista auttaaksemme sinua punnitsemaan vaihtoehtosi.<\/p>\n<p>Kun olet p\u00e4\u00e4tt\u00e4nyt, mill\u00e4 nettikasinolla haluat pelata niin luo sinne tili. Meid\u00e4n nettikasino arvostelumme tarjoaa sinulle vaiheittaisen ohjeen kuinka luoda tili valitsemallesi kasinolle.<\/p>\n<\/div>        <\/div>\n        <\/section>","protected":false},"excerpt":{"rendered":"","protected":false},"author":23,"featured_media":0,"parent":0,"menu_order":0,"comment_status":"closed","ping_status":"closed","template":"","meta":{"_acf_changed":false,"footnotes":""},"class_list":["post-165","page","type-page","status-publish","hentry"],"acf":[],"yoast_head":"<!-- This site is optimized with the Yoast SEO plugin v23.2 - https:\/\/yoast.com\/wordpress\/plugins\/seo\/ -->\n<title>Parhaat Nettikasinot | Suomen Paras Netticasino 2024 - CasinoRoom<\/title>\n<meta name=\"description\" content=\"CasinoRoom on netiss\u00e4 oleva opas nettikasinopeleihin. Pelaa ilmaisia kolikkopelej\u00e4 tai lue meid\u00e4n arvostelut parhaista oikean rahan peleist\u00e4 ja kasinoista.\" \/>\n<meta name=\"robots\" content=\"index, follow, max-snippet:-1, max-image-preview:large, max-video-preview:-1\" \/>\n<link rel=\"canonical\" href=\"https:\/\/casinoroom.com\/fi\/\" \/>\n<meta property=\"og:locale\" content=\"fi_FI\" \/>\n<meta property=\"og:type\" content=\"article\" \/>\n<meta property=\"og:title\" content=\"Parhaat Nettikasinot | Suomen Paras Netticasino 2024 - CasinoRoom\" \/>\n<meta property=\"og:description\" content=\"CasinoRoom on netiss\u00e4 oleva opas nettikasinopeleihin. Pelaa ilmaisia kolikkopelej\u00e4 tai lue meid\u00e4n arvostelut parhaista oikean rahan peleist\u00e4 ja kasinoista.\" \/>\n<meta property=\"og:url\" content=\"https:\/\/casinoroom.com\/fi\/\" \/>\n<meta property=\"og:site_name\" content=\"CasinoRoom - Finland\" \/>\n<meta property=\"article:modified_time\" content=\"2023-12-18T18:23:14+00:00\" \/>\n<meta name=\"twitter:card\" content=\"summary_large_image\" \/>\n<script type=\"application\/ld+json\" class=\"yoast-schema-graph\">{\"@context\":\"https:\/\/schema.org\",\"@graph\":[{\"@type\":\"WebPage\",\"@id\":\"https:\/\/casinoroom.com\/fi\/\",\"url\":\"https:\/\/casinoroom.com\/fi\/\",\"name\":\"Parhaat Nettikasinot | Suomen Paras Netticasino 2024 - CasinoRoom\",\"isPartOf\":{\"@id\":\"https:\/\/casinoroom.com\/fi\/#website\"},\"datePublished\":\"2023-12-15T18:24:56+00:00\",\"dateModified\":\"2023-12-18T18:23:14+00:00\",\"description\":\"CasinoRoom on netiss\u00e4 oleva opas nettikasinopeleihin. Pelaa ilmaisia kolikkopelej\u00e4 tai lue meid\u00e4n arvostelut parhaista oikean rahan peleist\u00e4 ja kasinoista.\",\"breadcrumb\":{\"@id\":\"https:\/\/casinoroom.com\/fi\/#breadcrumb\"},\"inLanguage\":\"fi\",\"potentialAction\":[{\"@type\":\"ReadAction\",\"target\":[\"https:\/\/casinoroom.com\/fi\/\"]}]},{\"@type\":\"BreadcrumbList\",\"@id\":\"https:\/\/casinoroom.com\/fi\/#breadcrumb\",\"itemListElement\":[{\"@type\":\"ListItem\",\"position\":1,\"name\":\"Home\",\"item\":\"https:\/\/casinoroom.com\/fi\/\"},{\"@type\":\"ListItem\",\"position\":2,\"name\":\"Suomen Parhaat Nettikasinot\"}]},{\"@type\":\"WebSite\",\"@id\":\"https:\/\/casinoroom.com\/fi\/#website\",\"url\":\"https:\/\/casinoroom.com\/fi\/\",\"name\":\"CasinoRoom - Finland\",\"description\":\"\",\"potentialAction\":[{\"@type\":\"SearchAction\",\"target\":{\"@type\":\"EntryPoint\",\"urlTemplate\":\"https:\/\/casinoroom.com\/fi\/?s={search_term_string}\"},\"query-input\":\"required name=search_term_string\"}],\"inLanguage\":\"fi\"}]}<\/script>\n<!-- \/ Yoast SEO plugin. -->","yoast_head_json":{"title":"Parhaat Nettikasinot | Suomen Paras Netticasino 2024 - CasinoRoom","description":"CasinoRoom on netiss\u00e4 oleva opas nettikasinopeleihin. Pelaa ilmaisia kolikkopelej\u00e4 tai lue meid\u00e4n arvostelut parhaista oikean rahan peleist\u00e4 ja kasinoista.","robots":{"index":"index","follow":"follow","max-snippet":"max-snippet:-1","max-image-preview":"max-image-preview:large","max-video-preview":"max-video-preview:-1"},"canonical":"https:\/\/casinoroom.com\/fi\/","og_locale":"fi_FI","og_type":"article","og_title":"Parhaat Nettikasinot | Suomen Paras Netticasino 2024 - CasinoRoom","og_description":"CasinoRoom on netiss\u00e4 oleva opas nettikasinopeleihin. Pelaa ilmaisia kolikkopelej\u00e4 tai lue meid\u00e4n arvostelut parhaista oikean rahan peleist\u00e4 ja kasinoista.","og_url":"https:\/\/casinoroom.com\/fi\/","og_site_name":"CasinoRoom - Finland","article_modified_time":"2023-12-18T18:23:14+00:00","twitter_card":"summary_large_image","schema":{"@context":"https:\/\/schema.org","@graph":[{"@type":"WebPage","@id":"https:\/\/casinoroom.com\/fi\/","url":"https:\/\/casinoroom.com\/fi\/","name":"Parhaat Nettikasinot | Suomen Paras Netticasino 2024 - CasinoRoom","isPartOf":{"@id":"https:\/\/casinoroom.com\/fi\/#website"},"datePublished":"2023-12-15T18:24:56+00:00","dateModified":"2023-12-18T18:23:14+00:00","description":"CasinoRoom on netiss\u00e4 oleva opas nettikasinopeleihin. Pelaa ilmaisia kolikkopelej\u00e4 tai lue meid\u00e4n arvostelut parhaista oikean rahan peleist\u00e4 ja kasinoista.","breadcrumb":{"@id":"https:\/\/casinoroom.com\/fi\/#breadcrumb"},"inLanguage":"fi","potentialAction":[{"@type":"ReadAction","target":["https:\/\/casinoroom.com\/fi\/"]}]},{"@type":"BreadcrumbList","@id":"https:\/\/casinoroom.com\/fi\/#breadcrumb","itemListElement":[{"@type":"ListItem","position":1,"name":"Home","item":"https:\/\/casinoroom.com\/fi\/"},{"@type":"ListItem","position":2,"name":"Suomen Parhaat Nettikasinot"}]},{"@type":"WebSite","@id":"https:\/\/casinoroom.com\/fi\/#website","url":"https:\/\/casinoroom.com\/fi\/","name":"CasinoRoom - Finland","description":"","potentialAction":[{"@type":"SearchAction","target":{"@type":"EntryPoint","urlTemplate":"https:\/\/casinoroom.com\/fi\/?s={search_term_string}"},"query-input":"required name=search_term_string"}],"inLanguage":"fi"}]}},"_links":{"self":[{"href":"https:\/\/casinoroom.com\/fi\/wp-json\/wp\/v2\/pages\/165","targetHints":{"allow":["GET"]}}],"collection":[{"href":"https:\/\/casinoroom.com\/fi\/wp-json\/wp\/v2\/pages"}],"about":[{"href":"https:\/\/casinoroom.com\/fi\/wp-json\/wp\/v2\/types\/page"}],"author":[{"embeddable":true,"href":"https:\/\/casinoroom.com\/fi\/wp-json\/wp\/v2\/users\/23"}],"replies":[{"embeddable":true,"href":"https:\/\/casinoroom.com\/fi\/wp-json\/wp\/v2\/comments?post=165"}],"version-history":[{"count":2,"href":"https:\/\/casinoroom.com\/fi\/wp-json\/wp\/v2\/pages\/165\/revisions"}],"predecessor-version":[{"id":167,"href":"https:\/\/casinoroom.com\/fi\/wp-json\/wp\/v2\/pages\/165\/revisions\/167"}],"wp:attachment":[{"href":"https:\/\/casinoroom.com\/fi\/wp-json\/wp\/v2\/media?parent=165"}],"curies":[{"name":"wp","href":"https:\/\/api.w.org\/{rel}","templated":true}]}}