{"id":165,"date":"2023-12-15T18:36:57","date_gmt":"2023-12-15T18:36:57","guid":{"rendered":"https:\/\/casinoroom.com\/fr\/?page_id=165"},"modified":"2023-12-18T18:32:40","modified_gmt":"2023-12-18T18:32:40","slug":"meilleurs-casinos-en-ligne-en-france","status":"publish","type":"page","link":"https:\/\/casinoroom.com\/fr\/","title":{"rendered":"Meilleurs casinos en ligne en France"},"content":{"rendered":"<section class=\"content-block content-block-block_e630a10efd9f1e6d2c14b20a267f2dc6 yellow\" style=\"border: 1px solid var(--color-content-block-border-yellow);\">\n            <header class=\"row\">\n                        <h1 class=\"title col-sm-12\">Meilleurs Casinos en Ligne en France<\/h1>                                <\/header>\n                <div class=\"content-block-content row\">\n        <div class=\"content-column content col-xs-12 col-md-12 spacing-normal horizontal-align-normal vertical-align-normal \"><p>Avant toute chose, il est essentiel de choisir un casino en ligne o\u00f9 vous pouvez jouer de l\u2019argent r\u00e9el en toute s\u00e9curit\u00e9. Lisez ce que nos experts ont \u00e0 dire sur diff\u00e9rents casinos en ligne pour vous aider \u00e0 \u00e9valuer votre opinion.<\/p>\n<p>Une fois que vous avez choisi le casino qui vous convient, cr\u00e9ez votre compte. Nos commentaires sur les casinos en ligne vous expliquent, \u00e9tape par \u00e9tape, comment cr\u00e9er un compte dans le casino de votre choix.<\/p>\n<\/div>        <\/div>\n        <\/section>","protected":false},"excerpt":{"rendered":"","protected":false},"author":27,"featured_media":0,"parent":0,"menu_order":0,"comment_status":"closed","ping_status":"closed","template":"","meta":{"_acf_changed":false,"footnotes":""},"class_list":["post-165","page","type-page","status-publish","hentry"],"acf":[],"yoast_head":"<!-- This site is optimized with the Yoast SEO plugin v23.2 - https:\/\/yoast.com\/wordpress\/plugins\/seo\/ -->\n<title>Les Meilleurs Casino en ligne Francais 2024 | CasinoRoom<\/title>\n<meta name=\"description\" content=\"CasinoRoom to internetowy przewodnik po grach w kasynach online. Zagraj tu w darmowe sloty lub sprawd\u017a nasze recenzje najlepszych gier na prawdziwe pieni\u0105dze oraz kasyn.\" \/>\n<meta name=\"robots\" content=\"index, follow, max-snippet:-1, max-image-preview:large, max-video-preview:-1\" \/>\n<link rel=\"canonical\" href=\"https:\/\/casinoroom.com\/fr\/\" \/>\n<meta property=\"og:locale\" content=\"fr_FR\" \/>\n<meta property=\"og:type\" content=\"article\" \/>\n<meta property=\"og:title\" content=\"Les Meilleurs Casino en ligne Francais 2024 | CasinoRoom\" \/>\n<meta property=\"og:description\" content=\"CasinoRoom to internetowy przewodnik po grach w kasynach online. Zagraj tu w darmowe sloty lub sprawd\u017a nasze recenzje najlepszych gier na prawdziwe pieni\u0105dze oraz kasyn.\" \/>\n<meta property=\"og:url\" content=\"https:\/\/casinoroom.com\/fr\/\" \/>\n<meta property=\"og:site_name\" content=\"CasinoRoom - France\" \/>\n<meta property=\"article:modified_time\" content=\"2023-12-18T18:32:40+00:00\" \/>\n<meta name=\"twitter:card\" content=\"summary_large_image\" \/>\n<script type=\"application\/ld+json\" class=\"yoast-schema-graph\">{\"@context\":\"https:\/\/schema.org\",\"@graph\":[{\"@type\":\"WebPage\",\"@id\":\"https:\/\/casinoroom.com\/fr\/\",\"url\":\"https:\/\/casinoroom.com\/fr\/\",\"name\":\"Les Meilleurs Casino en ligne Francais 2024 | CasinoRoom\",\"isPartOf\":{\"@id\":\"https:\/\/casinoroom.com\/fr\/#website\"},\"datePublished\":\"2023-12-15T18:36:57+00:00\",\"dateModified\":\"2023-12-18T18:32:40+00:00\",\"description\":\"CasinoRoom to internetowy przewodnik po grach w kasynach online. Zagraj tu w darmowe sloty lub sprawd\u017a nasze recenzje najlepszych gier na prawdziwe pieni\u0105dze oraz kasyn.\",\"breadcrumb\":{\"@id\":\"https:\/\/casinoroom.com\/fr\/#breadcrumb\"},\"inLanguage\":\"fr-FR\",\"potentialAction\":[{\"@type\":\"ReadAction\",\"target\":[\"https:\/\/casinoroom.com\/fr\/\"]}]},{\"@type\":\"BreadcrumbList\",\"@id\":\"https:\/\/casinoroom.com\/fr\/#breadcrumb\",\"itemListElement\":[{\"@type\":\"ListItem\",\"position\":1,\"name\":\"Home\",\"item\":\"https:\/\/casinoroom.com\/fr\/\"},{\"@type\":\"ListItem\",\"position\":2,\"name\":\"Meilleurs casinos en ligne en France\"}]},{\"@type\":\"WebSite\",\"@id\":\"https:\/\/casinoroom.com\/fr\/#website\",\"url\":\"https:\/\/casinoroom.com\/fr\/\",\"name\":\"CasinoRoom - France\",\"description\":\"\",\"potentialAction\":[{\"@type\":\"SearchAction\",\"target\":{\"@type\":\"EntryPoint\",\"urlTemplate\":\"https:\/\/casinoroom.com\/fr\/?s={search_term_string}\"},\"query-input\":\"required name=search_term_string\"}],\"inLanguage\":\"fr-FR\"}]}<\/script>\n<!-- \/ Yoast SEO plugin. -->","yoast_head_json":{"title":"Les Meilleurs Casino en ligne Francais 2024 | CasinoRoom","description":"CasinoRoom to internetowy przewodnik po grach w kasynach online. Zagraj tu w darmowe sloty lub sprawd\u017a nasze recenzje najlepszych gier na prawdziwe pieni\u0105dze oraz kasyn.","robots":{"index":"index","follow":"follow","max-snippet":"max-snippet:-1","max-image-preview":"max-image-preview:large","max-video-preview":"max-video-preview:-1"},"canonical":"https:\/\/casinoroom.com\/fr\/","og_locale":"fr_FR","og_type":"article","og_title":"Les Meilleurs Casino en ligne Francais 2024 | CasinoRoom","og_description":"CasinoRoom to internetowy przewodnik po grach w kasynach online. Zagraj tu w darmowe sloty lub sprawd\u017a nasze recenzje najlepszych gier na prawdziwe pieni\u0105dze oraz kasyn.","og_url":"https:\/\/casinoroom.com\/fr\/","og_site_name":"CasinoRoom - France","article_modified_time":"2023-12-18T18:32:40+00:00","twitter_card":"summary_large_image","schema":{"@context":"https:\/\/schema.org","@graph":[{"@type":"WebPage","@id":"https:\/\/casinoroom.com\/fr\/","url":"https:\/\/casinoroom.com\/fr\/","name":"Les Meilleurs Casino en ligne Francais 2024 | CasinoRoom","isPartOf":{"@id":"https:\/\/casinoroom.com\/fr\/#website"},"datePublished":"2023-12-15T18:36:57+00:00","dateModified":"2023-12-18T18:32:40+00:00","description":"CasinoRoom to internetowy przewodnik po grach w kasynach online. Zagraj tu w darmowe sloty lub sprawd\u017a nasze recenzje najlepszych gier na prawdziwe pieni\u0105dze oraz kasyn.","breadcrumb":{"@id":"https:\/\/casinoroom.com\/fr\/#breadcrumb"},"inLanguage":"fr-FR","potentialAction":[{"@type":"ReadAction","target":["https:\/\/casinoroom.com\/fr\/"]}]},{"@type":"BreadcrumbList","@id":"https:\/\/casinoroom.com\/fr\/#breadcrumb","itemListElement":[{"@type":"ListItem","position":1,"name":"Home","item":"https:\/\/casinoroom.com\/fr\/"},{"@type":"ListItem","position":2,"name":"Meilleurs casinos en ligne en France"}]},{"@type":"WebSite","@id":"https:\/\/casinoroom.com\/fr\/#website","url":"https:\/\/casinoroom.com\/fr\/","name":"CasinoRoom - France","description":"","potentialAction":[{"@type":"SearchAction","target":{"@type":"EntryPoint","urlTemplate":"https:\/\/casinoroom.com\/fr\/?s={search_term_string}"},"query-input":"required name=search_term_string"}],"inLanguage":"fr-FR"}]}},"_links":{"self":[{"href":"https:\/\/casinoroom.com\/fr\/wp-json\/wp\/v2\/pages\/165","targetHints":{"allow":["GET"]}}],"collection":[{"href":"https:\/\/casinoroom.com\/fr\/wp-json\/wp\/v2\/pages"}],"about":[{"href":"https:\/\/casinoroom.com\/fr\/wp-json\/wp\/v2\/types\/page"}],"author":[{"embeddable":true,"href":"https:\/\/casinoroom.com\/fr\/wp-json\/wp\/v2\/users\/27"}],"replies":[{"embeddable":true,"href":"https:\/\/casinoroom.com\/fr\/wp-json\/wp\/v2\/comments?post=165"}],"version-history":[{"count":2,"href":"https:\/\/casinoroom.com\/fr\/wp-json\/wp\/v2\/pages\/165\/revisions"}],"predecessor-version":[{"id":167,"href":"https:\/\/casinoroom.com\/fr\/wp-json\/wp\/v2\/pages\/165\/revisions\/167"}],"wp:attachment":[{"href":"https:\/\/casinoroom.com\/fr\/wp-json\/wp\/v2\/media?parent=165"}],"curies":[{"name":"wp","href":"https:\/\/api.w.org\/{rel}","templated":true}]}}