{"id":168,"date":"2023-12-15T18:42:00","date_gmt":"2023-12-15T18:42:00","guid":{"rendered":"https:\/\/casinoroom.com\/pt\/?page_id=168"},"modified":"2025-05-08T06:11:23","modified_gmt":"2025-05-08T09:11:23","slug":"os-melhores-cassinos-online-do-brasil","status":"publish","type":"page","link":"https:\/\/casinoroom.com\/pt\/","title":{"rendered":"Os Melhores Cassinos Online do Brasil"},"content":{"rendered":"<section class=\"content-block content-block-block_2d1f35baec99379994e2705610369ccf yellow\" style=\"border: 1px solid var(--color-content-block-border-yellow);\">\n            <header class=\"row\">\n                        <h1 class=\"title col-sm-12\">Os Melhores Cassinos Online do Brasil<\/h1>                                <\/header>\n                <div class=\"content-block-content row\">\n        <div class=\"content-column content col-xs-12 col-md-12 spacing-normal horizontal-align-normal vertical-align-normal \"><p>Antes de tudo, \u00e9 fundamental que voc\u00ea escolha um <a href=\"https:\/\/horadaviradapremios.com.br\">loteria<\/a> y cassino online onde voc\u00ea possa jogar em troca de dinheiro real com seguran\u00e7a. Leia o que nossos especialistas t\u00eam a dizer sobre diversos cassinos on-line para ajud\u00e1-lo a pesar suas op\u00e7\u00f5es.<\/p>\n<p>Uma vez que voc\u00ea tenha escolhido um cassino, crie sua conta. Nossas revis\u00f5es de cassinos online fornecem todo um passo a passo sobre como criar uma conta no cassino ou <a href=\"https:\/\/melhorsoldasorte.com.br\">site de loteria<\/a> de sua escolha.<\/p>\n<\/div>        <\/div>\n        <\/section>","protected":false},"excerpt":{"rendered":"","protected":false},"author":28,"featured_media":0,"parent":0,"menu_order":0,"comment_status":"closed","ping_status":"closed","template":"","meta":{"_acf_changed":false,"footnotes":""},"class_list":["post-168","page","type-page","status-publish","hentry"],"acf":[],"yoast_head":"<!-- This site is optimized with the Yoast SEO plugin v23.2 - https:\/\/yoast.com\/wordpress\/plugins\/seo\/ -->\n<title>Melhores Cassinos Online No Brasil 2024 | CasinoRoom<\/title>\n<meta name=\"description\" content=\"O CasinoRoom \u00e9 o guia de jogos de casinos online. Jogue slots gr\u00e1tis ou veja as nossas avalia\u00e7\u00f5es sobre os melhores jogos e cassinos a dinheiro real.\" \/>\n<meta name=\"robots\" content=\"index, follow, max-snippet:-1, max-image-preview:large, max-video-preview:-1\" \/>\n<link rel=\"canonical\" href=\"https:\/\/casinoroom.com\/pt\/\" \/>\n<meta property=\"og:locale\" content=\"pt_BR\" \/>\n<meta property=\"og:type\" content=\"article\" \/>\n<meta property=\"og:title\" content=\"Melhores Cassinos Online No Brasil 2024 | CasinoRoom\" \/>\n<meta property=\"og:description\" content=\"O CasinoRoom \u00e9 o guia de jogos de casinos online. Jogue slots gr\u00e1tis ou veja as nossas avalia\u00e7\u00f5es sobre os melhores jogos e cassinos a dinheiro real.\" \/>\n<meta property=\"og:url\" content=\"https:\/\/casinoroom.com\/pt\/\" \/>\n<meta property=\"og:site_name\" content=\"CasinoRoom - Brazil\" \/>\n<meta property=\"article:modified_time\" content=\"2025-05-08T09:11:23+00:00\" \/>\n<meta name=\"twitter:card\" content=\"summary_large_image\" \/>\n<script type=\"application\/ld+json\" class=\"yoast-schema-graph\">{\"@context\":\"https:\/\/schema.org\",\"@graph\":[{\"@type\":\"WebPage\",\"@id\":\"https:\/\/casinoroom.com\/pt\/\",\"url\":\"https:\/\/casinoroom.com\/pt\/\",\"name\":\"Melhores Cassinos Online No Brasil 2024 | CasinoRoom\",\"isPartOf\":{\"@id\":\"https:\/\/casinoroom.com\/pt\/#website\"},\"datePublished\":\"2023-12-15T18:42:00+00:00\",\"dateModified\":\"2025-05-08T09:11:23+00:00\",\"description\":\"O CasinoRoom \u00e9 o guia de jogos de casinos online. Jogue slots gr\u00e1tis ou veja as nossas avalia\u00e7\u00f5es sobre os melhores jogos e cassinos a dinheiro real.\",\"breadcrumb\":{\"@id\":\"https:\/\/casinoroom.com\/pt\/#breadcrumb\"},\"inLanguage\":\"pt-BR\",\"potentialAction\":[{\"@type\":\"ReadAction\",\"target\":[\"https:\/\/casinoroom.com\/pt\/\"]}]},{\"@type\":\"BreadcrumbList\",\"@id\":\"https:\/\/casinoroom.com\/pt\/#breadcrumb\",\"itemListElement\":[{\"@type\":\"ListItem\",\"position\":1,\"name\":\"Home\",\"item\":\"https:\/\/casinoroom.com\/pt\/\"},{\"@type\":\"ListItem\",\"position\":2,\"name\":\"Os Melhores Cassinos Online do Brasil\"}]},{\"@type\":\"WebSite\",\"@id\":\"https:\/\/casinoroom.com\/pt\/#website\",\"url\":\"https:\/\/casinoroom.com\/pt\/\",\"name\":\"CasinoRoom - Brazil\",\"description\":\"\",\"potentialAction\":[{\"@type\":\"SearchAction\",\"target\":{\"@type\":\"EntryPoint\",\"urlTemplate\":\"https:\/\/casinoroom.com\/pt\/?s={search_term_string}\"},\"query-input\":\"required name=search_term_string\"}],\"inLanguage\":\"pt-BR\"}]}<\/script>\n<!-- \/ Yoast SEO plugin. -->","yoast_head_json":{"title":"Melhores Cassinos Online No Brasil 2024 | CasinoRoom","description":"O CasinoRoom \u00e9 o guia de jogos de casinos online. Jogue slots gr\u00e1tis ou veja as nossas avalia\u00e7\u00f5es sobre os melhores jogos e cassinos a dinheiro real.","robots":{"index":"index","follow":"follow","max-snippet":"max-snippet:-1","max-image-preview":"max-image-preview:large","max-video-preview":"max-video-preview:-1"},"canonical":"https:\/\/casinoroom.com\/pt\/","og_locale":"pt_BR","og_type":"article","og_title":"Melhores Cassinos Online No Brasil 2024 | CasinoRoom","og_description":"O CasinoRoom \u00e9 o guia de jogos de casinos online. Jogue slots gr\u00e1tis ou veja as nossas avalia\u00e7\u00f5es sobre os melhores jogos e cassinos a dinheiro real.","og_url":"https:\/\/casinoroom.com\/pt\/","og_site_name":"CasinoRoom - Brazil","article_modified_time":"2025-05-08T09:11:23+00:00","twitter_card":"summary_large_image","schema":{"@context":"https:\/\/schema.org","@graph":[{"@type":"WebPage","@id":"https:\/\/casinoroom.com\/pt\/","url":"https:\/\/casinoroom.com\/pt\/","name":"Melhores Cassinos Online No Brasil 2024 | CasinoRoom","isPartOf":{"@id":"https:\/\/casinoroom.com\/pt\/#website"},"datePublished":"2023-12-15T18:42:00+00:00","dateModified":"2025-05-08T09:11:23+00:00","description":"O CasinoRoom \u00e9 o guia de jogos de casinos online. Jogue slots gr\u00e1tis ou veja as nossas avalia\u00e7\u00f5es sobre os melhores jogos e cassinos a dinheiro real.","breadcrumb":{"@id":"https:\/\/casinoroom.com\/pt\/#breadcrumb"},"inLanguage":"pt-BR","potentialAction":[{"@type":"ReadAction","target":["https:\/\/casinoroom.com\/pt\/"]}]},{"@type":"BreadcrumbList","@id":"https:\/\/casinoroom.com\/pt\/#breadcrumb","itemListElement":[{"@type":"ListItem","position":1,"name":"Home","item":"https:\/\/casinoroom.com\/pt\/"},{"@type":"ListItem","position":2,"name":"Os Melhores Cassinos Online do Brasil"}]},{"@type":"WebSite","@id":"https:\/\/casinoroom.com\/pt\/#website","url":"https:\/\/casinoroom.com\/pt\/","name":"CasinoRoom - Brazil","description":"","potentialAction":[{"@type":"SearchAction","target":{"@type":"EntryPoint","urlTemplate":"https:\/\/casinoroom.com\/pt\/?s={search_term_string}"},"query-input":"required name=search_term_string"}],"inLanguage":"pt-BR"}]}},"_links":{"self":[{"href":"https:\/\/casinoroom.com\/pt\/wp-json\/wp\/v2\/pages\/168","targetHints":{"allow":["GET"]}}],"collection":[{"href":"https:\/\/casinoroom.com\/pt\/wp-json\/wp\/v2\/pages"}],"about":[{"href":"https:\/\/casinoroom.com\/pt\/wp-json\/wp\/v2\/types\/page"}],"author":[{"embeddable":true,"href":"https:\/\/casinoroom.com\/pt\/wp-json\/wp\/v2\/users\/28"}],"replies":[{"embeddable":true,"href":"https:\/\/casinoroom.com\/pt\/wp-json\/wp\/v2\/comments?post=168"}],"version-history":[{"count":4,"href":"https:\/\/casinoroom.com\/pt\/wp-json\/wp\/v2\/pages\/168\/revisions"}],"predecessor-version":[{"id":238,"href":"https:\/\/casinoroom.com\/pt\/wp-json\/wp\/v2\/pages\/168\/revisions\/238"}],"wp:attachment":[{"href":"https:\/\/casinoroom.com\/pt\/wp-json\/wp\/v2\/media?parent=168"}],"curies":[{"name":"wp","href":"https:\/\/api.w.org\/{rel}","templated":true}]}}