{"id":165,"date":"2023-12-15T18:34:44","date_gmt":"2023-12-15T18:34:44","guid":{"rendered":"https:\/\/casinoroom.com\/sv\/?page_id=165"},"modified":"2023-12-18T18:29:11","modified_gmt":"2023-12-18T18:29:11","slug":"basta-onlinekasinon-i-sverige","status":"publish","type":"page","link":"https:\/\/casinoroom.com\/sv\/","title":{"rendered":"B\u00e4sta Onlinekasinon i Sverige"},"content":{"rendered":"<section class=\"content-block content-block-block_c336a272b2044ff396ea7d81e4da946c yellow\" style=\"border: 1px solid var(--color-content-block-border-yellow);\">\n            <header class=\"row\">\n                        <h1 class=\"title col-sm-12\">B\u00e4sta Onlinekasinon i Sverige<\/h1>                                <\/header>\n                <div class=\"content-block-content row\">\n        <div class=\"content-column content col-xs-12 col-md-12 spacing-normal horizontal-align-normal vertical-align-normal \"><p>Det f\u00f6rsta steget inneb\u00e4r att v\u00e4lja ett online casino d\u00e4r du p\u00e5 ett s\u00e4kert s\u00e4tt f\u00e5r m\u00f6jligheten att spela f\u00f6r riktiga pengar. L\u00e4s vad v\u00e5ra experter har att s\u00e4ga om de olika online casinos som finns att tillg\u00e5 f\u00f6r att enklare hj\u00e4lpa dig att ta ett objektivt beslut kring det hela.<\/p>\n<p>N\u00e4r du har best\u00e4mt dig f\u00f6r det specifika casinot som du \u00f6nskar spela hos s\u00e5 \u00e4r det dags att skapa ett spelkonto. V\u00e5ra online casino recensioner f\u00f6rser dig med steg-f\u00f6r-steg guider g\u00e4llande hur du g\u00e5r till v\u00e4ga f\u00f6r att skapa ett konto hos det utvalda casinot.<br>\nG\u00f6r en ins\u00e4ttning med riktiga pengar och ta del av den bonus som erbjuds<\/p>\n<\/div>        <\/div>\n        <\/section>","protected":false},"excerpt":{"rendered":"","protected":false},"author":25,"featured_media":0,"parent":0,"menu_order":0,"comment_status":"closed","ping_status":"closed","template":"","meta":{"_acf_changed":false,"footnotes":""},"class_list":["post-165","page","type-page","status-publish","hentry"],"acf":[],"yoast_head":"<!-- This site is optimized with the Yoast SEO plugin v23.2 - https:\/\/yoast.com\/wordpress\/plugins\/seo\/ -->\n<title>B\u00e4sta Svenska Casinon p\u00e5 N\u00e4tet 2024 | CasinoRoom<\/title>\n<meta name=\"description\" content=\"CasinoRoom \u00e4r en online guide som fokuserar p\u00e5 att recensera olika typer av online baserade casinospel. Du kan v\u00e4lja att spela kostnadsfria slotts eller spana in v\u00e5ra senaste recensioner g\u00e4llande de b\u00e4sta casinon och tillh\u00f6rande spel!\" \/>\n<meta name=\"robots\" content=\"index, follow, max-snippet:-1, max-image-preview:large, max-video-preview:-1\" \/>\n<link rel=\"canonical\" href=\"https:\/\/casinoroom.com\/sv\/\" \/>\n<meta property=\"og:locale\" content=\"sv_SE\" \/>\n<meta property=\"og:type\" content=\"article\" \/>\n<meta property=\"og:title\" content=\"B\u00e4sta Svenska Casinon p\u00e5 N\u00e4tet 2024 | CasinoRoom\" \/>\n<meta property=\"og:description\" content=\"CasinoRoom \u00e4r en online guide som fokuserar p\u00e5 att recensera olika typer av online baserade casinospel. Du kan v\u00e4lja att spela kostnadsfria slotts eller spana in v\u00e5ra senaste recensioner g\u00e4llande de b\u00e4sta casinon och tillh\u00f6rande spel!\" \/>\n<meta property=\"og:url\" content=\"https:\/\/casinoroom.com\/sv\/\" \/>\n<meta property=\"og:site_name\" content=\"CasinoRoom - Sweden\" \/>\n<meta property=\"article:modified_time\" content=\"2023-12-18T18:29:11+00:00\" \/>\n<meta name=\"twitter:card\" content=\"summary_large_image\" \/>\n<script type=\"application\/ld+json\" class=\"yoast-schema-graph\">{\"@context\":\"https:\/\/schema.org\",\"@graph\":[{\"@type\":\"WebPage\",\"@id\":\"https:\/\/casinoroom.com\/sv\/\",\"url\":\"https:\/\/casinoroom.com\/sv\/\",\"name\":\"B\u00e4sta Svenska Casinon p\u00e5 N\u00e4tet 2024 | CasinoRoom\",\"isPartOf\":{\"@id\":\"https:\/\/casinoroom.com\/sv\/#website\"},\"datePublished\":\"2023-12-15T18:34:44+00:00\",\"dateModified\":\"2023-12-18T18:29:11+00:00\",\"description\":\"CasinoRoom \u00e4r en online guide som fokuserar p\u00e5 att recensera olika typer av online baserade casinospel. Du kan v\u00e4lja att spela kostnadsfria slotts eller spana in v\u00e5ra senaste recensioner g\u00e4llande de b\u00e4sta casinon och tillh\u00f6rande spel!\",\"breadcrumb\":{\"@id\":\"https:\/\/casinoroom.com\/sv\/#breadcrumb\"},\"inLanguage\":\"sv-SE\",\"potentialAction\":[{\"@type\":\"ReadAction\",\"target\":[\"https:\/\/casinoroom.com\/sv\/\"]}]},{\"@type\":\"BreadcrumbList\",\"@id\":\"https:\/\/casinoroom.com\/sv\/#breadcrumb\",\"itemListElement\":[{\"@type\":\"ListItem\",\"position\":1,\"name\":\"Home\",\"item\":\"https:\/\/casinoroom.com\/sv\/\"},{\"@type\":\"ListItem\",\"position\":2,\"name\":\"B\u00e4sta Onlinekasinon i Sverige\"}]},{\"@type\":\"WebSite\",\"@id\":\"https:\/\/casinoroom.com\/sv\/#website\",\"url\":\"https:\/\/casinoroom.com\/sv\/\",\"name\":\"CasinoRoom - Sweden\",\"description\":\"\",\"potentialAction\":[{\"@type\":\"SearchAction\",\"target\":{\"@type\":\"EntryPoint\",\"urlTemplate\":\"https:\/\/casinoroom.com\/sv\/?s={search_term_string}\"},\"query-input\":\"required name=search_term_string\"}],\"inLanguage\":\"sv-SE\"}]}<\/script>\n<!-- \/ Yoast SEO plugin. -->","yoast_head_json":{"title":"B\u00e4sta Svenska Casinon p\u00e5 N\u00e4tet 2024 | CasinoRoom","description":"CasinoRoom \u00e4r en online guide som fokuserar p\u00e5 att recensera olika typer av online baserade casinospel. Du kan v\u00e4lja att spela kostnadsfria slotts eller spana in v\u00e5ra senaste recensioner g\u00e4llande de b\u00e4sta casinon och tillh\u00f6rande spel!","robots":{"index":"index","follow":"follow","max-snippet":"max-snippet:-1","max-image-preview":"max-image-preview:large","max-video-preview":"max-video-preview:-1"},"canonical":"https:\/\/casinoroom.com\/sv\/","og_locale":"sv_SE","og_type":"article","og_title":"B\u00e4sta Svenska Casinon p\u00e5 N\u00e4tet 2024 | CasinoRoom","og_description":"CasinoRoom \u00e4r en online guide som fokuserar p\u00e5 att recensera olika typer av online baserade casinospel. Du kan v\u00e4lja att spela kostnadsfria slotts eller spana in v\u00e5ra senaste recensioner g\u00e4llande de b\u00e4sta casinon och tillh\u00f6rande spel!","og_url":"https:\/\/casinoroom.com\/sv\/","og_site_name":"CasinoRoom - Sweden","article_modified_time":"2023-12-18T18:29:11+00:00","twitter_card":"summary_large_image","schema":{"@context":"https:\/\/schema.org","@graph":[{"@type":"WebPage","@id":"https:\/\/casinoroom.com\/sv\/","url":"https:\/\/casinoroom.com\/sv\/","name":"B\u00e4sta Svenska Casinon p\u00e5 N\u00e4tet 2024 | CasinoRoom","isPartOf":{"@id":"https:\/\/casinoroom.com\/sv\/#website"},"datePublished":"2023-12-15T18:34:44+00:00","dateModified":"2023-12-18T18:29:11+00:00","description":"CasinoRoom \u00e4r en online guide som fokuserar p\u00e5 att recensera olika typer av online baserade casinospel. Du kan v\u00e4lja att spela kostnadsfria slotts eller spana in v\u00e5ra senaste recensioner g\u00e4llande de b\u00e4sta casinon och tillh\u00f6rande spel!","breadcrumb":{"@id":"https:\/\/casinoroom.com\/sv\/#breadcrumb"},"inLanguage":"sv-SE","potentialAction":[{"@type":"ReadAction","target":["https:\/\/casinoroom.com\/sv\/"]}]},{"@type":"BreadcrumbList","@id":"https:\/\/casinoroom.com\/sv\/#breadcrumb","itemListElement":[{"@type":"ListItem","position":1,"name":"Home","item":"https:\/\/casinoroom.com\/sv\/"},{"@type":"ListItem","position":2,"name":"B\u00e4sta Onlinekasinon i Sverige"}]},{"@type":"WebSite","@id":"https:\/\/casinoroom.com\/sv\/#website","url":"https:\/\/casinoroom.com\/sv\/","name":"CasinoRoom - Sweden","description":"","potentialAction":[{"@type":"SearchAction","target":{"@type":"EntryPoint","urlTemplate":"https:\/\/casinoroom.com\/sv\/?s={search_term_string}"},"query-input":"required name=search_term_string"}],"inLanguage":"sv-SE"}]}},"_links":{"self":[{"href":"https:\/\/casinoroom.com\/sv\/wp-json\/wp\/v2\/pages\/165","targetHints":{"allow":["GET"]}}],"collection":[{"href":"https:\/\/casinoroom.com\/sv\/wp-json\/wp\/v2\/pages"}],"about":[{"href":"https:\/\/casinoroom.com\/sv\/wp-json\/wp\/v2\/types\/page"}],"author":[{"embeddable":true,"href":"https:\/\/casinoroom.com\/sv\/wp-json\/wp\/v2\/users\/25"}],"replies":[{"embeddable":true,"href":"https:\/\/casinoroom.com\/sv\/wp-json\/wp\/v2\/comments?post=165"}],"version-history":[{"count":2,"href":"https:\/\/casinoroom.com\/sv\/wp-json\/wp\/v2\/pages\/165\/revisions"}],"predecessor-version":[{"id":167,"href":"https:\/\/casinoroom.com\/sv\/wp-json\/wp\/v2\/pages\/165\/revisions\/167"}],"wp:attachment":[{"href":"https:\/\/casinoroom.com\/sv\/wp-json\/wp\/v2\/media?parent=165"}],"curies":[{"name":"wp","href":"https:\/\/api.w.org\/{rel}","templated":true}]}}